{"id":1091987,"date":"2023-12-19T11:35:12","date_gmt":"2023-12-19T10:35:12","guid":{"rendered":"https:\/\/www.tanikely.com\/note-legali\/"},"modified":"2023-12-29T11:16:34","modified_gmt":"2023-12-29T10:16:34","slug":"note-legali","status":"publish","type":"page","link":"https:\/\/www.tanikely.com\/it\/note-legali\/","title":{"rendered":"Note legali"},"content":{"rendered":"<p>[et_pb_section fb_built=&#8221;1&#8243; fullwidth=&#8221;on&#8221; _builder_version=&#8221;4.22.0&#8243; _module_preset=&#8221;default&#8221; locked=&#8221;off&#8221; global_colors_info=&#8221;{}&#8221;][et_pb_fullwidth_image src=&#8221;https:\/\/www.tanikely.com\/media\/tanikely-pain-de-sucre.jpg&#8221; title_text=&#8221;tanikely-pain-de-sucre&#8221; _builder_version=&#8221;4.23.1&#8243; _module_preset=&#8221;default&#8221; global_colors_info=&#8221;{}&#8221;][\/et_pb_fullwidth_image][\/et_pb_section][et_pb_section fb_built=&#8221;1&#8243; custom_padding_last_edited=&#8221;on|tablet&#8221; _builder_version=&#8221;4.22.0&#8243; _module_preset=&#8221;default&#8221; background_enable_image=&#8221;off&#8221; custom_padding_tablet=&#8221;||0px||false|false&#8221; custom_padding_phone=&#8221;||0px||false|false&#8221; locked=&#8221;off&#8221; global_colors_info=&#8221;{}&#8221;][et_pb_row _builder_version=&#8221;4.22.0&#8243; _module_preset=&#8221;default&#8221; max_width=&#8221;80%&#8221; global_colors_info=&#8221;{}&#8221;][et_pb_column type=&#8221;4_4&#8243; _builder_version=&#8221;4.22.0&#8243; _module_preset=&#8221;default&#8221; global_colors_info=&#8221;{}&#8221;][dsm_dual_heading before_text=&#8221;Note legali&#8221; middle_text=&#8221;Politica sulla privacy&#8221; before_margin=&#8221;||||false|false&#8221; before_padding=&#8221;||||false|false&#8221; middle_padding=&#8221;||||false|false&#8221; before_display_type=&#8221;block&#8221; module_class=&#8221;h2&#8243; _builder_version=&#8221;4.23.1&#8243; _module_preset=&#8221;default&#8221; header_font=&#8221;|700|||||||&#8221; header_font_size=&#8221;36px&#8221; before_font=&#8221;||||||||&#8221; before_font_size=&#8221;64px&#8221; middle_font=&#8221;||||||||&#8221; middle_font_size=&#8221;40px&#8221; middle_line_height=&#8221;2.2em&#8221; before_font_size_tablet=&#8221;50px&#8221; before_font_size_phone=&#8221;40px&#8221; before_font_size_last_edited=&#8221;on|phone&#8221; middle_font_size_tablet=&#8221;30px&#8221; middle_font_size_phone=&#8221;21px&#8221; middle_font_size_last_edited=&#8221;on|phone&#8221; global_colors_info=&#8221;{}&#8221; middle_line_height_tablet=&#8221;2.2em&#8221; middle_line_height_phone=&#8221;1em&#8221; middle_line_height_last_edited=&#8221;on|phone&#8221; text_orientation=&#8221;center&#8221; hover_enabled=&#8221;0&#8243; sticky_enabled=&#8221;0&#8243;][\/dsm_dual_heading][\/et_pb_column][\/et_pb_row][et_pb_row column_structure=&#8221;1_2,1_2&#8243; _builder_version=&#8221;4.22.0&#8243; _module_preset=&#8221;default&#8221; max_width=&#8221;80%&#8221; global_colors_info=&#8221;{}&#8221;][et_pb_column type=&#8221;1_2&#8243; _builder_version=&#8221;4.22.0&#8243; _module_preset=&#8221;default&#8221; global_colors_info=&#8221;{}&#8221;][et_pb_text _builder_version=&#8221;4.23.1&#8243; _module_preset=&#8221;default&#8221; header_3_font_size=&#8221;34px&#8221; header_3_line_height=&#8221;1.6em&#8221; global_colors_info=&#8221;{}&#8221; header_3_font_size_tablet=&#8221;30px&#8221; header_3_font_size_phone=&#8221;28px&#8221; header_3_font_size_last_edited=&#8221;on|desktop&#8221; header_3_line_height_tablet=&#8221;1.6em&#8221; header_3_line_height_phone=&#8221;1.4em&#8221; header_3_line_height_last_edited=&#8221;on|phone&#8221;]<\/p>\n<h3>Quadro giuridico. Conformit\u00e0 al RGPD<\/h3>\n<p>La presente informativa sulla privacy si applica all&#8217;utilizzo del sito web www.tanikely.com al fine di aiutarvi a capire come vengono trattate le informazioni in relazione all&#8217;utilizzo di questo sito. Trattiamo i dati personali in conformit\u00e0 al Regolamento (UE) 2016\/679 del Parlamento europeo e del Consiglio, del 27 aprile 2016, relativo alla protezione delle persone fisiche con riguardo al trattamento dei dati personali, nonch\u00e9 alla libera circolazione di tali dati (di seguito RGPD) e alla legge francese n. 78-17 del 6 gennaio 1978 relativa al trattamento dei dati, dei file e delle libert\u00e0. [\/et_pb_text][et_pb_text _builder_version=&#8221;4.23.1&#8243; _module_preset=&#8221;default&#8221; header_3_font_size=&#8221;34px&#8221; header_3_line_height=&#8221;1.6em&#8221; global_colors_info=&#8221;{}&#8221; header_3_font_size_tablet=&#8221;30px&#8221; header_3_font_size_phone=&#8221;28px&#8221; header_3_font_size_last_edited=&#8221;on|desktop&#8221; header_3_line_height_tablet=&#8221;1.6em&#8221; header_3_line_height_phone=&#8221;1.4em&#8221; header_3_line_height_last_edited=&#8221;on|phone&#8221;]<\/p>\n<h3>Termini e condizioni d&#8217;uso<\/h3>\n<p>L&#8217;utilizzo del sito web www.tanikely.com implica la piena accettazione delle condizioni generali di utilizzo di seguito riportate. Le presenti condizioni di utilizzo possono essere modificate o integrate in qualsiasi momento, pertanto si consiglia agli utenti del sito web www.tanikely.com di consultarle regolarmente.<\/p>\n<p>Questo sito \u00e8 normalmente accessibile agli utenti in qualsiasi momento. www.tanikely.com pu\u00f2 tuttavia decidere di interrompere il sito per motivi di manutenzione tecnica, nel qual caso si adoperer\u00e0 per informare preventivamente gli utenti delle date e degli orari dell&#8217;intervento.<\/p>\n<p>Il sito web www.tanikely.com viene aggiornato regolarmente dall&#8217;amministratore del sito. Allo stesso modo, le note legali possono essere modificate in qualsiasi momento: esse sono comunque vincolanti per l&#8217;utente, che \u00e8 invitato a consultarle il pi\u00f9 spesso possibile per prenderne visione.[\/et_pb_text][et_pb_text _builder_version=&#8221;4.23.1&#8243; _module_preset=&#8221;default&#8221; header_3_font_size=&#8221;34px&#8221; header_3_line_height=&#8221;1.6em&#8221; global_colors_info=&#8221;{}&#8221; header_3_font_size_tablet=&#8221;30px&#8221; header_3_font_size_phone=&#8221;28px&#8221; header_3_font_size_last_edited=&#8221;on|desktop&#8221; header_3_line_height_tablet=&#8221;1.6em&#8221; header_3_line_height_phone=&#8221;1.4em&#8221; header_3_line_height_last_edited=&#8221;on|phone&#8221;]<\/p>\n<h3>Limitazioni contrattuali sui dati tecnici<\/h3>\n<p>Il sito utilizza tecnologie HTML\/PHP\/CSS\/JavaScript.<\/p>\n<p>Il sito non pu\u00f2 essere ritenuto responsabile di eventuali danni materiali legati all&#8217;utilizzo del sito. Inoltre, gli utenti del sito si impegnano ad accedervi con apparecchiature recenti e prive di virus e con un browser aggiornato di ultima generazione.[\/et_pb_text][et_pb_text _builder_version=&#8221;4.23.1&#8243; _module_preset=&#8221;default&#8221; header_3_font_size=&#8221;34px&#8221; header_3_line_height=&#8221;1.6em&#8221; global_colors_info=&#8221;{}&#8221; header_3_font_size_tablet=&#8221;30px&#8221; header_3_font_size_phone=&#8221;28px&#8221; header_3_font_size_last_edited=&#8221;on|desktop&#8221; header_3_line_height_tablet=&#8221;1.6em&#8221; header_3_line_height_phone=&#8221;1.4em&#8221; header_3_line_height_last_edited=&#8221;on|phone&#8221;]<\/p>\n<h3>Link ad altri siti<\/h3>\n<p>Questo sito pu\u00f2 contenere link ad altri siti che non sono controllati in alcun modo da noi e non siamo responsabili delle pratiche o delle politiche sulla privacy di siti web diversi dal nostro. Si consiglia pertanto di leggere l&#8217;informativa di ciascun sito visitato. [\/et_pb_text][et_pb_text _builder_version=&#8221;4.23.1&#8243; _module_preset=&#8221;default&#8221; header_3_font_size=&#8221;34px&#8221; header_3_line_height=&#8221;1.6em&#8221; global_colors_info=&#8221;{}&#8221; header_3_font_size_tablet=&#8221;30px&#8221; header_3_font_size_phone=&#8221;28px&#8221; header_3_font_size_last_edited=&#8221;on|desktop&#8221; header_3_line_height_tablet=&#8221;1.6em&#8221; header_3_line_height_phone=&#8221;1.4em&#8221; header_3_line_height_last_edited=&#8221;on|phone&#8221;]<\/p>\n<h3>Fotografie<\/h3>\n<p>Le fotografie presenti su questo sito sono protette e concesse in licenza ai sensi dell&#8217;articolo L112-1 del Codice della Propriet\u00e0 Intellettuale francese.[\/et_pb_text][et_pb_text _builder_version=&#8221;4.23.1&#8243; _module_preset=&#8221;default&#8221; header_3_font_size=&#8221;34px&#8221; header_3_line_height=&#8221;1.6em&#8221; locked=&#8221;off&#8221; global_colors_info=&#8221;{}&#8221; header_3_font_size_tablet=&#8221;30px&#8221; header_3_font_size_phone=&#8221;28px&#8221; header_3_font_size_last_edited=&#8221;on|desktop&#8221; header_3_line_height_tablet=&#8221;1.6em&#8221; header_3_line_height_phone=&#8221;1.4em&#8221; header_3_line_height_last_edited=&#8221;on|phone&#8221;]<\/p>\n<h3>Descrizione dei servizi forniti<\/h3>\n<p>www.tanikely.com si impegna a fornire informazioni il pi\u00f9 possibile accurate su questo sito web. Tuttavia, non pu\u00f2 essere ritenuta responsabile di eventuali omissioni, inesattezze o mancati aggiornamenti delle informazioni, siano essi causati da essa stessa o da partner terzi che forniscono le informazioni.<\/p>\n<p>Tutte le informazioni fornite sul sito web www.tanikely.com sono fornite a titolo puramente informativo e sono soggette a modifiche. Le informazioni contenute nel sito web www.tanikely.com non sono esaustive. Sono soggette a modifiche da quando sono state messe online.[\/et_pb_text][et_pb_text _builder_version=&#8221;4.23.1&#8243; _module_preset=&#8221;default&#8221; header_3_font_size=&#8221;34px&#8221; header_3_line_height=&#8221;1.6em&#8221; locked=&#8221;off&#8221; global_colors_info=&#8221;{}&#8221; header_3_font_size_tablet=&#8221;30px&#8221; header_3_font_size_phone=&#8221;28px&#8221; header_3_font_size_last_edited=&#8221;on|desktop&#8221; header_3_line_height_tablet=&#8221;1.6em&#8221; header_3_line_height_phone=&#8221;1.4em&#8221; header_3_line_height_last_edited=&#8221;on|phone&#8221;]<\/p>\n<h3>Diritti sui dati raccolti<\/h3>\n<p>La persona i cui dati personali sono raccolti ha il diritto di:<\/p>\n<p>&#8211; chiedere al titolare del trattamento l&#8217;accesso ai dati personali, la loro rettifica o cancellazione, o la limitazione del trattamento che lo riguarda.<br \/>\n&#8211; opporsi al trattamento.<br \/>\n&#8211; presentare un reclamo a un&#8217;autorit\u00e0 di controllo.<br \/>\n&#8211; revocare il consenso in qualsiasi momento, senza pregiudicare la liceit\u00e0 del trattamento basato sul consenso effettuato prima della revoca dello stesso; tale diritto sussiste esclusivamente nel caso in cui il trattamento si basi sull&#8217;articolo 6, paragrafo 1, lettera a), o sull&#8217;articolo 9, paragrafo 2, lettera a), del GDPR, ossia sul consenso dell&#8217;interessato al trattamento dei propri dati personali per una o pi\u00f9 finalit\u00e0 specifiche.[\/et_pb_text][\/et_pb_column][et_pb_column type=&#8221;1_2&#8243; _builder_version=&#8221;4.22.0&#8243; _module_preset=&#8221;default&#8221; global_colors_info=&#8221;{}&#8221;][et_pb_text _builder_version=&#8221;4.23.1&#8243; _module_preset=&#8221;default&#8221; header_3_font_size=&#8221;34px&#8221; header_3_line_height=&#8221;1.6em&#8221; global_colors_info=&#8221;{}&#8221; header_3_font_size_tablet=&#8221;30px&#8221; header_3_font_size_phone=&#8221;28px&#8221; header_3_font_size_last_edited=&#8221;on|desktop&#8221; header_3_line_height_tablet=&#8221;1.6em&#8221; header_3_line_height_phone=&#8221;1.4em&#8221; header_3_line_height_last_edited=&#8221;on|phone&#8221;]<\/p>\n<h3>Propriet\u00e0 intellettuale e contraffazione<\/h3>\n<p>www.tanikely.com \u00e8 titolare dei diritti di propriet\u00e0 intellettuale o detiene i diritti d&#8217;uso su tutti gli elementi accessibili sul sito, in particolare i testi, le immagini, la grafica, i loghi, le icone, ecc. che sono protetti da copyright.<\/p>\n<p>\u00c8 vietata la riproduzione, la rappresentazione, la modifica, la pubblicazione, l&#8217;adattamento di tutti o parte degli elementi del sito, qualunque sia il mezzo o il processo utilizzato, salvo previa autorizzazione scritta di: www.tanikely.com.<\/p>\n<p>Qualsiasi utilizzo non autorizzato del sito o di uno qualsiasi degli elementi in esso contenuti sar\u00e0 considerato come una violazione e sar\u00e0 perseguito in conformit\u00e0 alle disposizioni degli articoli L.335-2 e seguenti del Codice della Propriet\u00e0 Intellettuale francese.[\/et_pb_text][et_pb_text _builder_version=&#8221;4.23.1&#8243; _module_preset=&#8221;default&#8221; header_3_font_size=&#8221;34px&#8221; header_3_line_height=&#8221;1.6em&#8221; global_colors_info=&#8221;{}&#8221; header_3_font_size_tablet=&#8221;30px&#8221; header_3_font_size_phone=&#8221;28px&#8221; header_3_font_size_last_edited=&#8221;on|desktop&#8221; header_3_line_height_tablet=&#8221;1.6em&#8221; header_3_line_height_phone=&#8221;1.4em&#8221; header_3_line_height_last_edited=&#8221;on|phone&#8221;]<\/p>\n<h3>Comunicazioni via e-mail <\/h3>\n<p>Al momento della richiesta di informazioni o di una prenotazione, chiediamo ai visitatori il loro indirizzo e-mail e il loro nome.<\/p>\n<p>Offriamo inoltre ai visitatori del nostro sito la possibilit\u00e0 di rifiutare di ricevere comunicazioni da parte nostra.<br \/>\nQueste comunicazioni includono la nostra newsletter periodica e qualsiasi altra informazione che riteniamo possa essere rilevante per il visitatore.<br \/>\nL&#8217;utente pu\u00f2 rinunciare a ricevere e-mail o inviti da parte nostra inviandoci un&#8217;e-mail all&#8217;indirizzo info@tanikely.com o facendo clic sul link di annullamento dell&#8217;iscrizione in un&#8217;e-mail inviata o rispondendo a un&#8217;e-mail inviata e inserendo la parola &#8220;annullamento dell&#8217;iscrizione&#8221; nell&#8217;oggetto.<\/p>\n<p>Anche in questo caso, se ci fornite il vostro indirizzo e-mail e\/o il vostro nome allo scopo di ricevere comunicazioni da parte nostra, queste informazioni non saranno condivise con terzi senza il vostro esplicito consenso.[\/et_pb_text][et_pb_text _builder_version=&#8221;4.23.1&#8243; _module_preset=&#8221;default&#8221; header_3_font_size=&#8221;34px&#8221; header_3_line_height=&#8221;1.6em&#8221; global_colors_info=&#8221;{}&#8221; header_3_font_size_tablet=&#8221;30px&#8221; header_3_font_size_phone=&#8221;28px&#8221; header_3_font_size_last_edited=&#8221;on|desktop&#8221; header_3_line_height_tablet=&#8221;1.6em&#8221; header_3_line_height_phone=&#8221;1.4em&#8221; header_3_line_height_last_edited=&#8221;on|phone&#8221;]<\/p>\n<h3>Cookies<\/h3>\n<p>Se inviate un messaggio dal nostro sito, vi verr\u00e0 chiesto di salvare il vostro nome e indirizzo e-mail nei cookie. Questi cookie scadono dopo 30 giorni. Se si dispone di un account e si accede a questo sito, verr\u00e0 creato un cookie temporaneo per determinare se il browser accetta i cookie. Non contiene dati personali e verr\u00e0 cancellato automaticamente alla chiusura del browser.[\/et_pb_text][et_pb_text _builder_version=&#8221;4.23.1&#8243; _module_preset=&#8221;default&#8221; header_3_font_size=&#8221;34px&#8221; header_3_line_height=&#8221;1.6em&#8221; global_colors_info=&#8221;{}&#8221; header_3_font_size_tablet=&#8221;30px&#8221; header_3_font_size_phone=&#8221;28px&#8221; header_3_font_size_last_edited=&#8221;on|desktop&#8221; header_3_line_height_tablet=&#8221;1.6em&#8221; header_3_line_height_phone=&#8221;1.4em&#8221; header_3_line_height_last_edited=&#8221;on|phone&#8221;]<\/p>\n<h3>Vita di un cookie<\/h3>\n<p>Per legge, i cookie hanno una durata massima di 13 mesi. Sul nostro sito, la durata di un cookie prima della scadenza \u00e8 di 30 giorni. Potete esprimere e modificare i vostri desideri in materia di cookie in qualsiasi momento utilizzando i mezzi descritti di seguito. 1. Le scelte offerte dal software del browser \u00c8 possibile configurare il software del browser in modo che i cookie vengano memorizzati sul terminale o, al contrario, che vengano rifiutati, sistematicamente o a seconda del mittente. Potete anche configurare il software del vostro browser in modo che vi venga offerta la possibilit\u00e0 di accettare o rifiutare i cookie di volta in volta, prima che un cookie venga probabilmente memorizzato sul vostro terminale. Per ulteriori informazioni, consultare la sezione &#8220;Come esercitare le proprie scelte in base al browser utilizzato&#8221;. 2. Consenso ai cookie La memorizzazione di un cookie in un terminale \u00e8 essenzialmente soggetta alla volont\u00e0 dell&#8217;utente del terminale, che pu\u00f2 esprimere e modificare tale volont\u00e0 in qualsiasi momento e gratuitamente attraverso le scelte offerte dal software del suo browser. Se il software del vostro browser consente la memorizzazione dei cookie sul vostro terminale, i cookie incorporati nelle pagine e nei contenuti che avete consultato possono essere memorizzati temporaneamente in uno spazio dedicato sul vostro terminale. Saranno leggibili solo dal mittente. 3. Rifiuto dei cookie Se rifiutate di accettare i cookie sul vostro terminale, o se cancellate i cookie memorizzati sul vostro terminale, non potrete pi\u00f9 beneficiare di un certo numero di funzioni che sono comunque necessarie per navigare in alcune aree del nostro sito. 4. Come esercitare le proprie scelte a seconda del browser utilizzato Per gestire i cookie e le proprie scelte, la configurazione di ogni browser \u00e8 diversa. Ci\u00f2 \u00e8 descritto nel menu di aiuto del vostro browser, che vi indicher\u00e0 come modificare le vostre preferenze sui cookie.[\/et_pb_text][et_pb_text _builder_version=&#8221;4.23.1&#8243; _module_preset=&#8221;default&#8221; header_3_font_size=&#8221;34px&#8221; header_3_line_height=&#8221;1.6em&#8221; locked=&#8221;off&#8221; global_colors_info=&#8221;{}&#8221; header_3_font_size_tablet=&#8221;30px&#8221; header_3_font_size_phone=&#8221;28px&#8221; header_3_font_size_last_edited=&#8221;on|desktop&#8221; header_3_line_height_tablet=&#8221;1.6em&#8221; header_3_line_height_phone=&#8221;1.4em&#8221; header_3_line_height_last_edited=&#8221;on|phone&#8221;]<\/p>\n<h3>Diritti di propriet\u00e0 intellettuale<\/h3>\n<p>Ai sensi dell&#8217;articolo 6 della legge francese n. 2004-575 del 21 giugno 2004 sulla fiducia nell&#8217;economia digitale, gli utenti del sito www.tanikely.com sono informati dell&#8217;identit\u00e0 dei diversi soggetti coinvolti nella sua creazione e nel suo monitoraggio:<\/p>\n<p>Proprietario: Fleoprod &#8211; fleoprod@fleoprod.com<br \/>\nResponsabile della pubblicazione: Amministratore &#8211; info@tanikely.com<br \/>\nHost: United Internet AG.<br \/>\nPosizione del server: Germania.[\/et_pb_text][\/et_pb_column][\/et_pb_row][\/et_pb_section]<\/p>\n","protected":false},"excerpt":{"rendered":"<p><div class=\"et_pb_module dsm_dual_heading dsm_dual_heading_0 h2  et_pb_text_align_center et_pb_bg_layout_light\">\n\t\t\t\t\n\t\t\t\t\n\t\t\t\t\n\t\t\t\t\n\t\t\t\t\n\t\t\t\t\n\t\t\t\t<div class=\"et_pb_module_inner\">\n\t\t\t\t\t<h2 class=\"dsm-dual-heading-main et_pb_module_header\"><span class=\"dsm-dual-heading-before\">Note legali<\/span><span class=\"dsm-dual-heading-middle\">Politica sulla privacy<\/span><\/h2>\n\t\t\t\t<\/div>\n\t\t\t<\/div>Quadro giuridico. Conformit\u00e0 al RGPD La presente informativa sulla privacy si applica all&#8217;utilizzo del sito web www.tanikely.com al fine di aiutarvi a capire come vengono trattate le informazioni in relazione all&#8217;utilizzo di questo sito. Trattiamo i dati personali in conformit\u00e0 al Regolamento (UE) 2016\/679 del Parlamento europeo e del Consiglio, del 27 aprile 2016, relativo alla protezione delle persone fisiche con riguardo al trattamento dei dati personali, nonch\u00e9 alla libera circolazione di tali dati (di seguito RGPD) e alla legge francese n. 78-17 del 6 gennaio 1978 relativa al trattamento dei dati, dei file e delle libert\u00e0. Termini e condizioni d&#8217;uso L&#8217;utilizzo del sito web www.tanikely.com implica la piena accettazione delle condizioni generali di utilizzo di seguito riportate. Le presenti condizioni di utilizzo possono essere modificate o integrate in qualsiasi momento, pertanto si consiglia agli utenti del sito web www.tanikely.com di consultarle regolarmente. Questo sito \u00e8 normalmente accessibile agli utenti in qualsiasi momento. www.tanikely.com pu\u00f2 tuttavia decidere di interrompere il sito per motivi di manutenzione tecnica, nel qual [&hellip;]<\/p>\n","protected":false},"author":1,"featured_media":0,"parent":0,"menu_order":0,"comment_status":"closed","ping_status":"closed","template":"","meta":{"_et_pb_use_builder":"on","_et_pb_old_content":"","_et_gb_content_width":"","footnotes":""},"class_list":["post-1091987","page","type-page","status-publish","hentry"],"yoast_head":"<title>Note legali - Nosy Tanikely<\/title>\n<meta name=\"description\" content=\"Questa politica di riservatezza si applica all&#039;uso del sito e aiuta a capire come vengono trattate le informazioni.\" \/>\n<meta name=\"robots\" content=\"index, follow, max-snippet:-1, max-image-preview:large, max-video-preview:-1\" \/>\n<link rel=\"canonical\" href=\"https:\/\/www.tanikely.com\/it\/note-legali\/\" \/>\n<meta property=\"og:locale\" content=\"it_IT\" \/>\n<meta property=\"og:type\" content=\"article\" \/>\n<meta property=\"og:title\" content=\"Note legali - Nosy Tanikely\" \/>\n<meta property=\"og:description\" content=\"Questa politica di riservatezza si applica all&#039;uso del sito e aiuta a capire come vengono trattate le informazioni.\" \/>\n<meta property=\"og:url\" content=\"https:\/\/www.tanikely.com\/it\/note-legali\/\" \/>\n<meta property=\"og:site_name\" content=\"Nosy Tanikely\" \/>\n<meta property=\"article:modified_time\" content=\"2023-12-29T10:16:34+00:00\" \/>\n<meta name=\"twitter:card\" content=\"summary_large_image\" \/>\n<meta name=\"twitter:label1\" content=\"Tempo di lettura stimato\" \/>\n\t<meta name=\"twitter:data1\" content=\"11 minuti\" \/>\n<script type=\"application\/ld+json\" class=\"yoast-schema-graph\">{\"@context\":\"https:\/\/schema.org\",\"@graph\":[{\"@type\":\"WebPage\",\"@id\":\"https:\/\/www.tanikely.com\/it\/note-legali\/\",\"url\":\"https:\/\/www.tanikely.com\/it\/note-legali\/\",\"name\":\"Note legali - Nosy Tanikely\",\"isPartOf\":{\"@id\":\"https:\/\/www.tanikely.com\/it\/#website\"},\"datePublished\":\"2023-12-19T10:35:12+00:00\",\"dateModified\":\"2023-12-29T10:16:34+00:00\",\"description\":\"Questa politica di riservatezza si applica all'uso del sito e aiuta a capire come vengono trattate le informazioni.\",\"breadcrumb\":{\"@id\":\"https:\/\/www.tanikely.com\/it\/note-legali\/#breadcrumb\"},\"inLanguage\":\"it-IT\",\"potentialAction\":[{\"@type\":\"ReadAction\",\"target\":[\"https:\/\/www.tanikely.com\/it\/note-legali\/\"]}]},{\"@type\":\"BreadcrumbList\",\"@id\":\"https:\/\/www.tanikely.com\/it\/note-legali\/#breadcrumb\",\"itemListElement\":[{\"@type\":\"ListItem\",\"position\":1,\"name\":\"Accueil\",\"item\":\"https:\/\/www.tanikely.com\/it\/\"},{\"@type\":\"ListItem\",\"position\":2,\"name\":\"Note legali\"}]},{\"@type\":\"WebSite\",\"@id\":\"https:\/\/www.tanikely.com\/it\/#website\",\"url\":\"https:\/\/www.tanikely.com\/it\/\",\"name\":\"Nosy Tanikely\",\"description\":\"\",\"potentialAction\":[{\"@type\":\"SearchAction\",\"target\":{\"@type\":\"EntryPoint\",\"urlTemplate\":\"https:\/\/www.tanikely.com\/it\/?s={search_term_string}\"},\"query-input\":{\"@type\":\"PropertyValueSpecification\",\"valueRequired\":true,\"valueName\":\"search_term_string\"}}],\"inLanguage\":\"it-IT\"}]}<\/script>","yoast_head_json":{"title":"Note legali - Nosy Tanikely","description":"Questa politica di riservatezza si applica all'uso del sito e aiuta a capire come vengono trattate le informazioni.","robots":{"index":"index","follow":"follow","max-snippet":"max-snippet:-1","max-image-preview":"max-image-preview:large","max-video-preview":"max-video-preview:-1"},"canonical":"https:\/\/www.tanikely.com\/it\/note-legali\/","og_locale":"it_IT","og_type":"article","og_title":"Note legali - Nosy Tanikely","og_description":"Questa politica di riservatezza si applica all'uso del sito e aiuta a capire come vengono trattate le informazioni.","og_url":"https:\/\/www.tanikely.com\/it\/note-legali\/","og_site_name":"Nosy Tanikely","article_modified_time":"2023-12-29T10:16:34+00:00","twitter_card":"summary_large_image","twitter_misc":{"Tempo di lettura stimato":"11 minuti"},"schema":{"@context":"https:\/\/schema.org","@graph":[{"@type":"WebPage","@id":"https:\/\/www.tanikely.com\/it\/note-legali\/","url":"https:\/\/www.tanikely.com\/it\/note-legali\/","name":"Note legali - Nosy Tanikely","isPartOf":{"@id":"https:\/\/www.tanikely.com\/it\/#website"},"datePublished":"2023-12-19T10:35:12+00:00","dateModified":"2023-12-29T10:16:34+00:00","description":"Questa politica di riservatezza si applica all'uso del sito e aiuta a capire come vengono trattate le informazioni.","breadcrumb":{"@id":"https:\/\/www.tanikely.com\/it\/note-legali\/#breadcrumb"},"inLanguage":"it-IT","potentialAction":[{"@type":"ReadAction","target":["https:\/\/www.tanikely.com\/it\/note-legali\/"]}]},{"@type":"BreadcrumbList","@id":"https:\/\/www.tanikely.com\/it\/note-legali\/#breadcrumb","itemListElement":[{"@type":"ListItem","position":1,"name":"Accueil","item":"https:\/\/www.tanikely.com\/it\/"},{"@type":"ListItem","position":2,"name":"Note legali"}]},{"@type":"WebSite","@id":"https:\/\/www.tanikely.com\/it\/#website","url":"https:\/\/www.tanikely.com\/it\/","name":"Nosy Tanikely","description":"","potentialAction":[{"@type":"SearchAction","target":{"@type":"EntryPoint","urlTemplate":"https:\/\/www.tanikely.com\/it\/?s={search_term_string}"},"query-input":{"@type":"PropertyValueSpecification","valueRequired":true,"valueName":"search_term_string"}}],"inLanguage":"it-IT"}]}},"_links":{"self":[{"href":"https:\/\/www.tanikely.com\/it\/wp-json\/wp\/v2\/pages\/1091987","targetHints":{"allow":["GET"]}}],"collection":[{"href":"https:\/\/www.tanikely.com\/it\/wp-json\/wp\/v2\/pages"}],"about":[{"href":"https:\/\/www.tanikely.com\/it\/wp-json\/wp\/v2\/types\/page"}],"author":[{"embeddable":true,"href":"https:\/\/www.tanikely.com\/it\/wp-json\/wp\/v2\/users\/1"}],"replies":[{"embeddable":true,"href":"https:\/\/www.tanikely.com\/it\/wp-json\/wp\/v2\/comments?post=1091987"}],"version-history":[{"count":4,"href":"https:\/\/www.tanikely.com\/it\/wp-json\/wp\/v2\/pages\/1091987\/revisions"}],"predecessor-version":[{"id":1092011,"href":"https:\/\/www.tanikely.com\/it\/wp-json\/wp\/v2\/pages\/1091987\/revisions\/1092011"}],"wp:attachment":[{"href":"https:\/\/www.tanikely.com\/it\/wp-json\/wp\/v2\/media?parent=1091987"}],"curies":[{"name":"wp","href":"https:\/\/api.w.org\/{rel}","templated":true}]}}